{"id":7,"date":"2021-01-22T10:03:13","date_gmt":"2021-01-22T10:03:13","guid":{"rendered":"http:\/\/the7.dream-demo.com\/business\/?page_id=7"},"modified":"2025-03-04T07:41:31","modified_gmt":"2025-03-04T07:41:31","slug":"hizmetlerimiz","status":"publish","type":"page","link":"https:\/\/www.bogaotomotiv.com\/?page_id=7","title":{"rendered":"Hizmetlerimiz"},"content":{"rendered":"<p>[vc_row content_placement=&#8221;middle&#8221; css=&#8221;.vc_custom_1580733807485{padding-top: 70px !important;padding-bottom: 20px !important;}&#8221;][vc_column width=&#8221;1\/3&#8243;]<style type=\"text\/css\" data-type=\"the7_shortcodes-inline-css\">.shortcode-single-image-wrap.shortcode-single-image-b6401f725ce32d52717a7501ec4b14e8.enable-bg-rollover .rollover i,\n.shortcode-single-image-wrap.shortcode-single-image-b6401f725ce32d52717a7501ec4b14e8.enable-bg-rollover .rollover-video i {\n  background: -webkit-linear-gradient();\n  background: linear-gradient();\n}\n.shortcode-single-image-wrap.shortcode-single-image-b6401f725ce32d52717a7501ec4b14e8 .rollover-icon {\n  font-size: 32px;\n  color: #ffffff;\n  min-width: 44px;\n  min-height: 44px;\n  line-height: 44px;\n  border-radius: 100px;\n  border-style: solid;\n  border-width: 0px;\n}\n.dt-icon-bg-on.shortcode-single-image-wrap.shortcode-single-image-b6401f725ce32d52717a7501ec4b14e8 .rollover-icon {\n  background: rgba(255,255,255,0.3);\n  box-shadow: none;\n}\n<\/style><div class=\"shortcode-single-image-wrap shortcode-single-image-b6401f725ce32d52717a7501ec4b14e8 alignnone  vc_custom_1695461276049 enable-bg-rollover dt-icon-bg-off\" ><div class=\"shortcode-single-image\"><div class=\"fancy-media-wrap  layzr-bg\" style=\"border-radius:500px;\"><img loading=\"lazy\" decoding=\"async\" class=\"preload-me lazy-load\" src=\"data:image\/svg+xml,%3Csvg%20xmlns%3D&#39;http%3A%2F%2Fwww.w3.org%2F2000%2Fsvg&#39;%20viewBox%3D&#39;0%200%20300%20344&#39;%2F%3E\" data-src=\"https:\/\/www.bogaotomotiv.com\/wp-content\/uploads\/2021\/02\/gsp9700.png\" data-srcset=\"https:\/\/www.bogaotomotiv.com\/wp-content\/uploads\/2021\/02\/gsp9700.png 300w\" width=\"300\" height=\"344\"  data-dt-location=\"https:\/\/www.bogaotomotiv.com\/?attachment_id=15256\" style=\"border-radius:500px;\" alt=\"\" \/><\/div><\/div><\/div>[\/vc_column][vc_column width=&#8221;2\/3&#8243; css=&#8221;.vc_custom_1580733628712{padding-bottom: 30px !important;}&#8221;]<div id=\"ultimate-heading-523169f375da3c0cf\" class=\"uvc-heading ult-adjust-bottom-margin ultimate-heading-523169f375da3c0cf uvc-8450  uvc-heading-default-font-sizes\" data-hspacer=\"no_spacer\"  data-halign=\"left\" style=\"text-align:left\"><div class=\"uvc-heading-spacer no_spacer\" style=\"top\"><\/div><div class=\"uvc-main-heading ult-responsive\"  data-ultimate-target='.uvc-heading.ultimate-heading-523169f375da3c0cf h3'  data-responsive-json-new='{\"font-size\":\"\",\"line-height\":\"\"}' ><h3 style=\"font-weight:bold;margin-bottom:15px;\">Sim\u00fclasyonlu Balans<\/h3><\/div><div class=\"uvc-sub-heading ult-responsive\"  data-ultimate-target='.uvc-heading.ultimate-heading-523169f375da3c0cf .uvc-sub-heading '  data-responsive-json-new='{\"font-size\":\"desktop:14px;\",\"line-height\":\"desktop:26px;\"}'  style=\"font-weight:normal;\">Balans ayar\u0131 , lastiklerin dengede kalmas\u0131n\u0131 sa\u011flayarak s\u00fcr\u00fc\u015f g\u00fcvenli\u011fi ve s\u00fcr\u00fc\u015f konforunu sa\u011flamaktad\u0131r. Balans ayar\u0131 s\u0131ras\u0131nda lasti\u011fin her iki taraf\u0131n\u0131n a\u011f\u0131rl\u0131\u011f\u0131 e\u015fitlenir ve lastikler s\u00fcr\u00fc\u015f s\u0131ras\u0131nda dengede kal\u0131r. Bu sayede titre\u015fimlerin \u00f6n\u00fcne ge\u00e7ilmi\u015f olur, lasti\u011fin d\u00fczensiz a\u015f\u0131nmas\u0131 \u00f6nlenir, iyi bir yol tutu\u015fu ve s\u00fcr\u00fc\u015f konforu sa\u011flan\u0131r.<\/p>\n<p>Direksiyonda ya da s\u00fcr\u00fcc\u00fc koltu\u011funda titre\u015fim oldu\u011funda veya lastiklerinizde d\u00fczensiz a\u015f\u0131nma varsa lastiklerinizin balans ayar\u0131 bozulmu\u015f demektir. Bu tarz bir problem ya\u015f\u0131yorsan\u0131z\u00a0 sizleri balans ayar\u0131 i\u00e7in servisimize bekliyoruz.<\/div><\/div>[\/vc_column][vc_column][\/vc_column][\/vc_row][vc_row content_placement=&#8221;middle&#8221; css=&#8221;.vc_custom_1580733812457{padding-bottom: 40px !important;}&#8221;][vc_column width=&#8221;1\/3&#8243;]<style type=\"text\/css\" data-type=\"the7_shortcodes-inline-css\">.shortcode-single-image-wrap.shortcode-single-image-d8440e53f01f6949b2d39becb1f663e5.enable-bg-rollover .rollover i,\n.shortcode-single-image-wrap.shortcode-single-image-d8440e53f01f6949b2d39becb1f663e5.enable-bg-rollover .rollover-video i {\n  background: -webkit-linear-gradient();\n  background: linear-gradient();\n}\n.shortcode-single-image-wrap.shortcode-single-image-d8440e53f01f6949b2d39becb1f663e5 .rollover-icon {\n  font-size: 32px;\n  color: #ffffff;\n  min-width: 44px;\n  min-height: 44px;\n  line-height: 44px;\n  border-radius: 100px;\n  border-style: solid;\n  border-width: 0px;\n}\n.dt-icon-bg-on.shortcode-single-image-wrap.shortcode-single-image-d8440e53f01f6949b2d39becb1f663e5 .rollover-icon {\n  background: rgba(255,255,255,0.3);\n  box-shadow: none;\n}\n<\/style><div class=\"shortcode-single-image-wrap shortcode-single-image-d8440e53f01f6949b2d39becb1f663e5 alignnone  vc_custom_1695460782698 enable-bg-rollover dt-icon-bg-off\" ><div class=\"shortcode-single-image\"><div class=\"fancy-media-wrap  layzr-bg\" style=\"border-radius:500px;\"><img loading=\"lazy\" decoding=\"async\" class=\"preload-me lazy-load\" src=\"data:image\/svg+xml,%3Csvg%20xmlns%3D&#39;http%3A%2F%2Fwww.w3.org%2F2000%2Fsvg&#39;%20viewBox%3D&#39;0%200%20300%20300&#39;%2F%3E\" data-src=\"https:\/\/www.bogaotomotiv.com\/wp-content\/uploads\/2021\/02\/jant-duzeltme.png\" data-srcset=\"https:\/\/www.bogaotomotiv.com\/wp-content\/uploads\/2021\/02\/jant-duzeltme.png 300w\" width=\"300\" height=\"300\"  data-dt-location=\"https:\/\/www.bogaotomotiv.com\/?attachment_id=15257\" style=\"border-radius:500px;\" alt=\"\" \/><\/div><\/div><\/div>[\/vc_column][vc_column width=&#8221;2\/3&#8243; css=&#8221;.vc_custom_1580733628712{padding-bottom: 30px !important;}&#8221;]<div id=\"ultimate-heading-303869f375da3c8a8\" class=\"uvc-heading ult-adjust-bottom-margin ultimate-heading-303869f375da3c8a8 uvc-8962  uvc-heading-default-font-sizes\" data-hspacer=\"no_spacer\"  data-halign=\"left\" style=\"text-align:left\"><div class=\"uvc-heading-spacer no_spacer\" style=\"top\"><\/div><div class=\"uvc-main-heading ult-responsive\"  data-ultimate-target='.uvc-heading.ultimate-heading-303869f375da3c8a8 h3'  data-responsive-json-new='{\"font-size\":\"\",\"line-height\":\"\"}' ><h3 style=\"font-weight:bold;margin-bottom:15px;\">Bilgisayarl\u0131 Jant D\u00fczeltme<\/h3><\/div><div class=\"uvc-sub-heading ult-responsive\"  data-ultimate-target='.uvc-heading.ultimate-heading-303869f375da3c8a8 .uvc-sub-heading '  data-responsive-json-new='{\"font-size\":\"desktop:14px;\",\"line-height\":\"desktop:26px;\"}'  style=\"font-weight:normal;\">S\u00fcr\u00fc\u015f esnas\u0131nda\u00a0 jantlar darbe alabilir. Bu darbeler sonucu jantlarda\u00a0 yamulma, k\u0131r\u0131lma, \u00e7atlama gibi farkl\u0131 hasarlar olu\u015fabilir. Zarar g\u00f6ren jantlara bilgisayarl\u0131 jant d\u00fczeltme makinesinde uygulanacak d\u00fczeltme ard\u0131ndan jantlar eski formuna kavu\u015fur.<\/div><\/div>[\/vc_column][\/vc_row][vc_row content_placement=&#8221;middle&#8221; css=&#8221;.vc_custom_1580733812457{padding-bottom: 40px !important;}&#8221;][vc_column width=&#8221;1\/3&#8243;]<style type=\"text\/css\" data-type=\"the7_shortcodes-inline-css\">.shortcode-single-image-wrap.shortcode-single-image-ed98c6710ba8028758e26363397ea276.enable-bg-rollover .rollover i,\n.shortcode-single-image-wrap.shortcode-single-image-ed98c6710ba8028758e26363397ea276.enable-bg-rollover .rollover-video i {\n  background: -webkit-linear-gradient();\n  background: linear-gradient();\n}\n.shortcode-single-image-wrap.shortcode-single-image-ed98c6710ba8028758e26363397ea276 .rollover-icon {\n  font-size: 32px;\n  color: #ffffff;\n  min-width: 44px;\n  min-height: 44px;\n  line-height: 44px;\n  border-radius: 100px;\n  border-style: solid;\n  border-width: 0px;\n}\n.dt-icon-bg-on.shortcode-single-image-wrap.shortcode-single-image-ed98c6710ba8028758e26363397ea276 .rollover-icon {\n  background: rgba(255,255,255,0.3);\n  box-shadow: none;\n}\n<\/style><div class=\"shortcode-single-image-wrap shortcode-single-image-ed98c6710ba8028758e26363397ea276 alignnone  vc_custom_1695460837473 enable-bg-rollover dt-icon-bg-off\" ><div class=\"shortcode-single-image\"><div class=\"fancy-media-wrap  layzr-bg\" style=\"border-radius:500px;\"><img loading=\"lazy\" decoding=\"async\" class=\"preload-me lazy-load\" src=\"data:image\/svg+xml,%3Csvg%20xmlns%3D&#39;http%3A%2F%2Fwww.w3.org%2F2000%2Fsvg&#39;%20viewBox%3D&#39;0%200%20284%20300&#39;%2F%3E\" data-src=\"https:\/\/www.bogaotomotiv.com\/wp-content\/uploads\/2021\/02\/onduzen.png\" data-srcset=\"https:\/\/www.bogaotomotiv.com\/wp-content\/uploads\/2021\/02\/onduzen.png 284w\" width=\"284\" height=\"300\"  data-dt-location=\"https:\/\/www.bogaotomotiv.com\/?attachment_id=15258\" style=\"border-radius:500px;\" alt=\"\" \/><\/div><\/div><\/div>[\/vc_column][vc_column width=&#8221;2\/3&#8243; css=&#8221;.vc_custom_1580733628712{padding-bottom: 30px !important;}&#8221;]<div id=\"ultimate-heading-121369f375da3cc84\" class=\"uvc-heading ult-adjust-bottom-margin ultimate-heading-121369f375da3cc84 uvc-5014  uvc-heading-default-font-sizes\" data-hspacer=\"no_spacer\"  data-halign=\"left\" style=\"text-align:left\"><div class=\"uvc-heading-spacer no_spacer\" style=\"top\"><\/div><div class=\"uvc-main-heading ult-responsive\"  data-ultimate-target='.uvc-heading.ultimate-heading-121369f375da3cc84 h3'  data-responsive-json-new='{\"font-size\":\"\",\"line-height\":\"\"}' ><h3 style=\"font-weight:bold;margin-bottom:15px;\">Bilgisayarl\u0131 \u00d6nd\u00fczen Ayar\u0131<\/h3><\/div><div class=\"uvc-sub-heading ult-responsive\"  data-ultimate-target='.uvc-heading.ultimate-heading-121369f375da3cc84 .uvc-sub-heading '  data-responsive-json-new='{\"font-size\":\"desktop:14px;\",\"line-height\":\"desktop:26px;\"}'  style=\"font-weight:normal;\">Ara\u00e7lar\u0131n tekerlekleri, s\u00fcspansiyon sistemleri ve direksiyon sistemi aras\u0131ndaki ba\u011flant\u0131y\u0131 sa\u011flayan \u00f6n d\u00fczen, arac\u0131n do\u011fru \u015fekilde hareket etmesi ve yola tutunmas\u0131 a\u00e7\u0131s\u0131ndan son derece \u00f6nemlidir. \u00d6n d\u00fczen ayar\u0131, arac\u0131n tekerleklerinin do\u011fru a\u00e7\u0131larda oldu\u011fundan emin olmak i\u00e7in yap\u0131lan bir i\u015flemdir.<\/p>\n<p>\u00d6n d\u00fczen ayar\u0131, \u00f6zel ekipmanlarla yap\u0131lan bir i\u015flemdir. Bu i\u015flemde, arac\u0131n tekerlekleri \u00f6l\u00e7\u00fclerek \u00f6nceden belirlenmi\u015f \u00f6zellikler do\u011frultusunda ayarlan\u0131r. Ayar i\u015flemi s\u0131ras\u0131nda, tekerleklerin a\u00e7\u0131lar\u0131, y\u00fckseklikleri ve di\u011fer geometrik \u00f6zellikleri kontrol edilir. Bu sayede arac\u0131n tekerlekleri, yola tam olarak yerle\u015ftirilir ve s\u00fcr\u00fc\u015f performans\u0131 art\u0131r\u0131l\u0131r.<\/div><\/div>[\/vc_column][\/vc_row][vc_row content_placement=&#8221;middle&#8221; css=&#8221;.vc_custom_1580733812457{padding-bottom: 40px !important;}&#8221;][vc_column width=&#8221;1\/3&#8243;]<style type=\"text\/css\" data-type=\"the7_shortcodes-inline-css\">.shortcode-single-image-wrap.shortcode-single-image-60ffae2cd84fd6a627939031334042cf.enable-bg-rollover .rollover i,\n.shortcode-single-image-wrap.shortcode-single-image-60ffae2cd84fd6a627939031334042cf.enable-bg-rollover .rollover-video i {\n  background: -webkit-linear-gradient();\n  background: linear-gradient();\n}\n.shortcode-single-image-wrap.shortcode-single-image-60ffae2cd84fd6a627939031334042cf .rollover-icon {\n  font-size: 32px;\n  color: #ffffff;\n  min-width: 44px;\n  min-height: 44px;\n  line-height: 44px;\n  border-radius: 100px;\n  border-style: solid;\n  border-width: 0px;\n}\n.dt-icon-bg-on.shortcode-single-image-wrap.shortcode-single-image-60ffae2cd84fd6a627939031334042cf .rollover-icon {\n  background: rgba(255,255,255,0.3);\n  box-shadow: none;\n}\n<\/style><div class=\"shortcode-single-image-wrap shortcode-single-image-60ffae2cd84fd6a627939031334042cf alignnone  vc_custom_1695460899468 enable-bg-rollover dt-icon-bg-off\" ><div class=\"shortcode-single-image\"><div class=\"fancy-media-wrap  layzr-bg\" style=\"border-radius:500px;\"><img loading=\"lazy\" decoding=\"async\" class=\"preload-me lazy-load\" src=\"data:image\/svg+xml,%3Csvg%20xmlns%3D&#39;http%3A%2F%2Fwww.w3.org%2F2000%2Fsvg&#39;%20viewBox%3D&#39;0%200%20300%20300&#39;%2F%3E\" data-src=\"https:\/\/www.bogaotomotiv.com\/wp-content\/uploads\/2021\/02\/far-ayari-1.png\" data-srcset=\"https:\/\/www.bogaotomotiv.com\/wp-content\/uploads\/2021\/02\/far-ayari-1.png 300w\" width=\"300\" height=\"300\"  data-dt-location=\"https:\/\/www.bogaotomotiv.com\/?attachment_id=15261\" style=\"border-radius:500px;\" alt=\"\" \/><\/div><\/div><\/div>[\/vc_column][vc_column width=&#8221;2\/3&#8243; css=&#8221;.vc_custom_1580733628712{padding-bottom: 30px !important;}&#8221;]<div id=\"ultimate-heading-844069f375da3d070\" class=\"uvc-heading ult-adjust-bottom-margin ultimate-heading-844069f375da3d070 uvc-2681  uvc-heading-default-font-sizes\" data-hspacer=\"no_spacer\"  data-halign=\"left\" style=\"text-align:left\"><div class=\"uvc-heading-spacer no_spacer\" style=\"top\"><\/div><div class=\"uvc-main-heading ult-responsive\"  data-ultimate-target='.uvc-heading.ultimate-heading-844069f375da3d070 h3'  data-responsive-json-new='{\"font-size\":\"\",\"line-height\":\"\"}' ><h3 style=\"font-weight:bold;margin-bottom:15px;\">Far Ayar\u0131<\/h3><\/div><div class=\"uvc-sub-heading ult-responsive\"  data-ultimate-target='.uvc-heading.ultimate-heading-844069f375da3d070 .uvc-sub-heading '  data-responsive-json-new='{\"font-size\":\"desktop:14px;\",\"line-height\":\"desktop:26px;\"}'  style=\"font-weight:normal;\">Far ayar\u0131, arac\u0131n\u0131z\u0131n farlar\u0131n\u0131n do\u011fru bir \u015fekilde y\u00f6nlendirilmesini sa\u011flayan bir ayarlama i\u015flemidir. Farlar\u0131n\u0131z\u0131n do\u011fru \u015fekilde ayarlanmas\u0131, s\u00fcr\u00fc\u015f g\u00fcvenli\u011finiz ve di\u011fer s\u00fcr\u00fcc\u00fclerin g\u00fcvenli\u011fi i\u00e7in b\u00fcy\u00fck bir \u00f6nem ta\u015f\u0131r.<\/div><\/div>[\/vc_column][\/vc_row][vc_row content_placement=&#8221;middle&#8221; css=&#8221;.vc_custom_1580733812457{padding-bottom: 40px !important;}&#8221;][vc_column width=&#8221;1\/3&#8243;]<style type=\"text\/css\" data-type=\"the7_shortcodes-inline-css\">.shortcode-single-image-wrap.shortcode-single-image-7a09cbcd4288855becbe7519e001ef82.enable-bg-rollover .rollover i,\n.shortcode-single-image-wrap.shortcode-single-image-7a09cbcd4288855becbe7519e001ef82.enable-bg-rollover .rollover-video i {\n  background: -webkit-linear-gradient();\n  background: linear-gradient();\n}\n.shortcode-single-image-wrap.shortcode-single-image-7a09cbcd4288855becbe7519e001ef82 .rollover-icon {\n  font-size: 32px;\n  color: #ffffff;\n  min-width: 44px;\n  min-height: 44px;\n  line-height: 44px;\n  border-radius: 100px;\n  border-style: solid;\n  border-width: 0px;\n}\n.dt-icon-bg-on.shortcode-single-image-wrap.shortcode-single-image-7a09cbcd4288855becbe7519e001ef82 .rollover-icon {\n  background: rgba(255,255,255,0.3);\n  box-shadow: none;\n}\n<\/style><div class=\"shortcode-single-image-wrap shortcode-single-image-7a09cbcd4288855becbe7519e001ef82 alignnone  vc_custom_1695461004429 enable-bg-rollover dt-icon-bg-off\" ><div class=\"shortcode-single-image\"><div class=\"fancy-media-wrap  layzr-bg\" style=\"border-radius:500px;\"><img loading=\"lazy\" decoding=\"async\" class=\"preload-me lazy-load\" src=\"data:image\/svg+xml,%3Csvg%20xmlns%3D&#39;http%3A%2F%2Fwww.w3.org%2F2000%2Fsvg&#39;%20viewBox%3D&#39;0%200%20465%20465&#39;%2F%3E\" data-src=\"https:\/\/www.bogaotomotiv.com\/wp-content\/uploads\/2023\/09\/bakim-465x465-1.png\" data-srcset=\"https:\/\/www.bogaotomotiv.com\/wp-content\/uploads\/2023\/09\/bakim-465x465-1.png 465w\" width=\"465\" height=\"465\"  data-dt-location=\"https:\/\/www.bogaotomotiv.com\/?attachment_id=15324\" style=\"border-radius:500px;\" alt=\"\" \/><\/div><\/div><\/div>[\/vc_column][vc_column width=&#8221;2\/3&#8243; css=&#8221;.vc_custom_1580733628712{padding-bottom: 30px !important;}&#8221;]<div id=\"ultimate-heading-699969f375da3d6e6\" class=\"uvc-heading ult-adjust-bottom-margin ultimate-heading-699969f375da3d6e6 uvc-3810  uvc-heading-default-font-sizes\" data-hspacer=\"no_spacer\"  data-halign=\"left\" style=\"text-align:left\"><div class=\"uvc-heading-spacer no_spacer\" style=\"top\"><\/div><div class=\"uvc-main-heading ult-responsive\"  data-ultimate-target='.uvc-heading.ultimate-heading-699969f375da3d6e6 h3'  data-responsive-json-new='{\"font-size\":\"\",\"line-height\":\"\"}' ><h3 style=\"font-weight:bold;margin-bottom:15px;\">Ya\u011f ve Fren Bak\u0131m\u0131<\/h3><\/div><div class=\"uvc-sub-heading ult-responsive\"  data-ultimate-target='.uvc-heading.ultimate-heading-699969f375da3d6e6 .uvc-sub-heading '  data-responsive-json-new='{\"font-size\":\"desktop:14px;\",\"line-height\":\"desktop:26px;\"}'  style=\"font-weight:normal;\">Ya\u011f bak\u0131m\u0131, motor ya\u011f\u0131 ve ya\u011f filtresinin de\u011fi\u015fimini i\u00e7eren periyodik ara\u00e7 bak\u0131m\u0131 kapsam\u0131nda ki i\u015flemlerden biridir. Ya\u011f bak\u0131m\u0131 kapsam\u0131nda motor ya\u011f\u0131 de\u011fi\u015fimi, ya\u011f filtresi de\u011fi\u015fimi ile polen ve hava filtresinin kontrol\/ de\u011fi\u015fimini i\u00e7erir.<\/p>\n<p>Fren bak\u0131m\u0131 ise ara\u00e7larda fren sistemi \u00fczerindeki t\u00fcm par\u00e7alar\u0131n\u00a0 kontrol edilmesi s\u00fcrecidir. Bu i\u015flem s\u0131ras\u0131nda fren sisteminde yer alan a\u015f\u0131nm\u0131\u015f ve hasar g\u00f6rm\u00fc\u015f par\u00e7alar varsa belirlenir ve hemen de\u011fi\u015fimi yap\u0131l\u0131r. Fren bak\u0131m\u0131 ara\u00e7 bak\u0131m s\u00fcrecinde rutin olarak da yap\u0131lan bir i\u015flemdir.<\/div><\/div>[\/vc_column][\/vc_row][vc_row content_placement=&#8221;middle&#8221; css=&#8221;.vc_custom_1580733812457{padding-bottom: 40px !important;}&#8221;][vc_column width=&#8221;1\/3&#8243;]<style type=\"text\/css\" data-type=\"the7_shortcodes-inline-css\">.shortcode-single-image-wrap.shortcode-single-image-ad1ecd340116168f653c4707005a91f7.enable-bg-rollover .rollover i,\n.shortcode-single-image-wrap.shortcode-single-image-ad1ecd340116168f653c4707005a91f7.enable-bg-rollover .rollover-video i {\n  background: -webkit-linear-gradient();\n  background: linear-gradient();\n}\n.shortcode-single-image-wrap.shortcode-single-image-ad1ecd340116168f653c4707005a91f7 .rollover-icon {\n  font-size: 32px;\n  color: #ffffff;\n  min-width: 44px;\n  min-height: 44px;\n  line-height: 44px;\n  border-radius: 100px;\n  border-style: solid;\n  border-width: 0px;\n}\n.dt-icon-bg-on.shortcode-single-image-wrap.shortcode-single-image-ad1ecd340116168f653c4707005a91f7 .rollover-icon {\n  background: rgba(255,255,255,0.3);\n  box-shadow: none;\n}\n<\/style><div class=\"shortcode-single-image-wrap shortcode-single-image-ad1ecd340116168f653c4707005a91f7 alignnone  vc_custom_1695461075016 enable-bg-rollover dt-icon-bg-off\" ><div class=\"shortcode-single-image\"><div class=\"fancy-media-wrap  layzr-bg\" style=\"border-radius:500px;\"><img loading=\"lazy\" decoding=\"async\" class=\"preload-me lazy-load\" src=\"data:image\/svg+xml,%3Csvg%20xmlns%3D&#39;http%3A%2F%2Fwww.w3.org%2F2000%2Fsvg&#39;%20viewBox%3D&#39;0%200%20300%20300&#39;%2F%3E\" data-src=\"https:\/\/www.bogaotomotiv.com\/wp-content\/uploads\/2021\/02\/wurth.png\" data-srcset=\"https:\/\/www.bogaotomotiv.com\/wp-content\/uploads\/2021\/02\/wurth.png 300w\" width=\"300\" height=\"300\"  data-dt-location=\"https:\/\/www.bogaotomotiv.com\/?attachment_id=15263\" style=\"border-radius:500px;\" alt=\"\" \/><\/div><\/div><\/div>[\/vc_column][vc_column width=&#8221;2\/3&#8243; css=&#8221;.vc_custom_1580733628712{padding-bottom: 30px !important;}&#8221;]<div id=\"ultimate-heading-266569f375da3daef\" class=\"uvc-heading ult-adjust-bottom-margin ultimate-heading-266569f375da3daef uvc-7246  uvc-heading-default-font-sizes\" data-hspacer=\"no_spacer\"  data-halign=\"left\" style=\"text-align:left\"><div class=\"uvc-heading-spacer no_spacer\" style=\"top\"><\/div><div class=\"uvc-main-heading ult-responsive\"  data-ultimate-target='.uvc-heading.ultimate-heading-266569f375da3daef h3'  data-responsive-json-new='{\"font-size\":\"\",\"line-height\":\"\"}' ><h3 style=\"font-weight:bold;margin-bottom:15px;\">Fren Hidrolik De\u011fi\u015fimi<\/h3><\/div><div class=\"uvc-sub-heading ult-responsive\"  data-ultimate-target='.uvc-heading.ultimate-heading-266569f375da3daef .uvc-sub-heading '  data-responsive-json-new='{\"font-size\":\"desktop:14px;\",\"line-height\":\"desktop:26px;\"}'  style=\"font-weight:normal;\">Fren hidrolikleri, kullan\u0131ld\u0131k\u00e7a \u00f6zelliklerini kaybederler. Bu sebeple fren hidrolik de\u011fi\u015fiminin zaman\u0131nda yap\u0131lmas\u0131 sa\u011fl\u0131kl\u0131 frenleme a\u00e7\u0131s\u0131ndan \u00e7ok \u00f6nemlidir.<\/div><\/div>[\/vc_column][\/vc_row]<\/p>\n","protected":false},"excerpt":{"rendered":"<p>[vc_row content_placement=&#8221;middle&#8221; css=&#8221;.vc_custom_1580733807485{padding-top: 70px !important;padding-bottom: 20px !important;}&#8221;][vc_column width=&#8221;1\/3&#8243;][\/vc_column][vc_column width=&#8221;2\/3&#8243; css=&#8221;.vc_custom_1580733628712{padding-bottom: 30px !important;}&#8221;][\/vc_column][vc_column][\/vc_column][\/vc_row][vc_row content_placement=&#8221;middle&#8221; css=&#8221;.vc_custom_1580733812457{padding-bottom: 40px !important;}&#8221;][vc_column width=&#8221;1\/3&#8243;][\/vc_column][vc_column width=&#8221;2\/3&#8243; css=&#8221;.vc_custom_1580733628712{padding-bottom: 30px !important;}&#8221;][\/vc_column][\/vc_row][vc_row content_placement=&#8221;middle&#8221; css=&#8221;.vc_custom_1580733812457{padding-bottom: 40px !important;}&#8221;][vc_column width=&#8221;1\/3&#8243;][\/vc_column][vc_column width=&#8221;2\/3&#8243; css=&#8221;.vc_custom_1580733628712{padding-bottom: 30px !important;}&#8221;][\/vc_column][\/vc_row][vc_row content_placement=&#8221;middle&#8221; css=&#8221;.vc_custom_1580733812457{padding-bottom: 40px !important;}&#8221;][vc_column width=&#8221;1\/3&#8243;][\/vc_column][vc_column width=&#8221;2\/3&#8243; css=&#8221;.vc_custom_1580733628712{padding-bottom: 30px !important;}&#8221;][\/vc_column][\/vc_row][vc_row content_placement=&#8221;middle&#8221; css=&#8221;.vc_custom_1580733812457{padding-bottom: 40px !important;}&#8221;][vc_column width=&#8221;1\/3&#8243;][\/vc_column][vc_column width=&#8221;2\/3&#8243; css=&#8221;.vc_custom_1580733628712{padding-bottom: 30px !important;}&#8221;][\/vc_column][\/vc_row][vc_row content_placement=&#8221;middle&#8221; css=&#8221;.vc_custom_1580733812457{padding-bottom: 40px !important;}&#8221;][vc_column width=&#8221;1\/3&#8243;][\/vc_column][vc_column width=&#8221;2\/3&#8243; css=&#8221;.vc_custom_1580733628712{padding-bottom:&hellip;<\/p>\n","protected":false},"author":1,"featured_media":0,"parent":0,"menu_order":200,"comment_status":"closed","ping_status":"closed","template":"","meta":[],"class_list":["post-7","page","type-page","status-publish","hentry","description-off"],"_links":{"self":[{"href":"https:\/\/www.bogaotomotiv.com\/index.php?rest_route=\/wp\/v2\/pages\/7","targetHints":{"allow":["GET"]}}],"collection":[{"href":"https:\/\/www.bogaotomotiv.com\/index.php?rest_route=\/wp\/v2\/pages"}],"about":[{"href":"https:\/\/www.bogaotomotiv.com\/index.php?rest_route=\/wp\/v2\/types\/page"}],"author":[{"embeddable":true,"href":"https:\/\/www.bogaotomotiv.com\/index.php?rest_route=\/wp\/v2\/users\/1"}],"replies":[{"embeddable":true,"href":"https:\/\/www.bogaotomotiv.com\/index.php?rest_route=%2Fwp%2Fv2%2Fcomments&post=7"}],"version-history":[{"count":7,"href":"https:\/\/www.bogaotomotiv.com\/index.php?rest_route=\/wp\/v2\/pages\/7\/revisions"}],"predecessor-version":[{"id":15331,"href":"https:\/\/www.bogaotomotiv.com\/index.php?rest_route=\/wp\/v2\/pages\/7\/revisions\/15331"}],"wp:attachment":[{"href":"https:\/\/www.bogaotomotiv.com\/index.php?rest_route=%2Fwp%2Fv2%2Fmedia&parent=7"}],"curies":[{"name":"wp","href":"https:\/\/api.w.org\/{rel}","templated":true}]}}