{"id":835,"date":"2021-01-22T10:02:39","date_gmt":"2021-01-22T10:02:39","guid":{"rendered":"http:\/\/the7.dream-demo.com\/business\/?page_id=5"},"modified":"2022-03-21T06:20:46","modified_gmt":"2022-03-21T06:20:46","slug":"bizkimiz","status":"publish","type":"page","link":"https:\/\/www.bogaotomotiv.com\/?page_id=835","title":{"rendered":"Biz Kimiz?"},"content":{"rendered":"<p>[vc_row][vc_column][vc_empty_space height=&#8221;180px&#8221;][\/vc_column][\/vc_row][vc_row][vc_column]<div id=\"ultimate-heading-225969f3c7ea7ef5c\" class=\"uvc-heading ult-adjust-bottom-margin ultimate-heading-225969f3c7ea7ef5c uvc-7160 \" data-hspacer=\"no_spacer\"  data-halign=\"left\" style=\"text-align:left\"><div class=\"uvc-heading-spacer no_spacer\" style=\"top\"><\/div><div class=\"uvc-main-heading ult-responsive\"  data-ultimate-target='.uvc-heading.ultimate-heading-225969f3c7ea7ef5c h2'  data-responsive-json-new='{\"font-size\":\"desktop:20px;\",\"line-height\":\"desktop:30px;\"}' ><h2 style=\"font-weight:bold;margin-bottom:20px;\">Biz Kimiz?<\/h2><\/div><\/div>[vc_column_text]BOGA OTOMOT\u0130V 1951 y\u0131l\u0131nda \u0130skenderun&#8217;da &#8216;S\u0131cak sistem Lastik Kaplama Sistemi&#8217; ve Goodyear Lastik Sat\u0131\u015f Servis merkezi olarak kurulmu\u015ftur.<br \/>\nBOGA OTOMOT\u0130V&#8217;in kurulu\u015fundan bu yana ana prensibi, alan\u0131nda 60 y\u0131l\u0131 a\u015fk\u0131n tecr\u00fcbeyi en son teknoloji ile birle\u015ftirerek m\u00fc\u015fterilerimizin taleplerini<br \/>\nkar\u015f\u0131lamak i\u00e7in en kaliteli ve en uygun fiyatl\u0131 \u00fcr\u00fcnleri sunmakt\u0131r.<br \/>\nHalihaz\u0131rda BOGA OTOMOT\u0130V b\u00fcnyesinde kendi tasar\u0131m ve teknolojimizle \u00fcretti\u011fi BOGA TYRES marka Radyal Kamyon ve Otob\u00fcs Lastikleri,<br \/>\nBOGA FILTER marka Filtre, BOGA JANT marka Jant, BOGA AK\u00dc marka Ak\u00fc, BOGA TRAILER marka Treyler bulunmaktad\u0131r.<br \/>\nAyr\u0131ca BOGA OTOMOT\u0130V, B\u0130RLA, RADAR ve Maxion Wheels Jantas Ticari Ara\u00e7 Jantlar\u0131, DJ hafif ala\u015f\u0131m jantlar gibi bir\u00e7ok kaliteli markan\u0131n tek<br \/>\ndistrib\u00fct\u00f6r\u00fc olup, t\u00fcm Ortado\u011fu ve Afrika&#8217;ya distrib\u00fct\u00f6rl\u00fck ve pazarlama yapmaktad\u0131r.[\/vc_column_text][\/vc_column][\/vc_row]<\/p>\n","protected":false},"excerpt":{"rendered":"<p>[vc_row][vc_column][vc_empty_space height=&#8221;180px&#8221;][\/vc_column][\/vc_row][vc_row][vc_column][vc_column_text]BOGA OTOMOT\u0130V 1951 y\u0131l\u0131nda \u0130skenderun&#8217;da &#8216;S\u0131cak sistem Lastik Kaplama Sistemi&#8217; ve Goodyear Lastik Sat\u0131\u015f Servis merkezi olarak kurulmu\u015ftur. BOGA OTOMOT\u0130V&#8217;in kurulu\u015fundan bu yana ana prensibi, alan\u0131nda 60 y\u0131l\u0131 a\u015fk\u0131n tecr\u00fcbeyi en son teknoloji ile birle\u015ftirerek m\u00fc\u015fterilerimizin taleplerini kar\u015f\u0131lamak i\u00e7in en kaliteli ve en uygun fiyatl\u0131 \u00fcr\u00fcnleri sunmakt\u0131r. Halihaz\u0131rda BOGA OTOMOT\u0130V b\u00fcnyesinde kendi tasar\u0131m ve&hellip;<\/p>\n","protected":false},"author":1,"featured_media":0,"parent":0,"menu_order":20,"comment_status":"closed","ping_status":"closed","template":"","meta":[],"class_list":["post-835","page","type-page","status-publish","hentry","description-off"],"_links":{"self":[{"href":"https:\/\/www.bogaotomotiv.com\/index.php?rest_route=\/wp\/v2\/pages\/835","targetHints":{"allow":["GET"]}}],"collection":[{"href":"https:\/\/www.bogaotomotiv.com\/index.php?rest_route=\/wp\/v2\/pages"}],"about":[{"href":"https:\/\/www.bogaotomotiv.com\/index.php?rest_route=\/wp\/v2\/types\/page"}],"author":[{"embeddable":true,"href":"https:\/\/www.bogaotomotiv.com\/index.php?rest_route=\/wp\/v2\/users\/1"}],"replies":[{"embeddable":true,"href":"https:\/\/www.bogaotomotiv.com\/index.php?rest_route=%2Fwp%2Fv2%2Fcomments&post=835"}],"version-history":[{"count":6,"href":"https:\/\/www.bogaotomotiv.com\/index.php?rest_route=\/wp\/v2\/pages\/835\/revisions"}],"predecessor-version":[{"id":15319,"href":"https:\/\/www.bogaotomotiv.com\/index.php?rest_route=\/wp\/v2\/pages\/835\/revisions\/15319"}],"wp:attachment":[{"href":"https:\/\/www.bogaotomotiv.com\/index.php?rest_route=%2Fwp%2Fv2%2Fmedia&parent=835"}],"curies":[{"name":"wp","href":"https:\/\/api.w.org\/{rel}","templated":true}]}}